{"id":6624,"date":"2023-06-22T11:24:12","date_gmt":"2023-06-22T14:24:12","guid":{"rendered":"https:\/\/novosmart.com.br\/loja\/?post_type=product&#038;p=6624"},"modified":"2023-06-22T12:24:03","modified_gmt":"2023-06-22T15:24:03","slug":"carregador-veicular-tipo-c-com-2-usb-kaidi","status":"publish","type":"product","link":"https:\/\/novosmart.com.br\/loja\/produto\/carregador-veicular-tipo-c-com-2-usb-kaidi\/","title":{"rendered":"Carregador Veicular Tipo C com 2 USB  Kaidi"},"content":{"rendered":"<div>O <strong>carregador da Kaidi<\/strong> foi especialmente projetado para proporcionar um carregamento r\u00e1pido, seguro e eficiente para todos os tipos de dispositivos m\u00f3veis, como smartphones, tablets, GPS, entre outros. Ele vem com uma entrada <strong>USB e entrada TIPO C<\/strong> que se adapta a diversos tipos de cabos, o que significa que voc\u00ea pode conectar facilmente o seu aparelho, seja ele qual for.<\/div>\n<div><\/div>\n<div><\/div>\n<div>Al\u00e9m disso, o carregador \u00e9 muito f\u00e1cil de usar e transportar. Ele \u00e9 pequeno, leve e foi pensado para ser usado em carros, mas voc\u00ea pode us\u00e1-lo em qualquer lugar que tenha uma entrada AC\/DC compat\u00edvel. Ou seja, voc\u00ea pode levar na sua bolsa, por exemplo, e usar em uma tomada comum em uma viagem ou em um parque.<\/div>\n<div><\/div>\n<div><\/div>\n<div>E, por \u00faltimo mas n\u00e3o menos importante, o <strong>carregador<\/strong> <strong>da<\/strong> <strong>Kaidi<\/strong> \u00e9 muito seguro. Ele tem prote\u00e7\u00e3o contra sobrecarga, curto-circuito e superaquecimento, o que significa que voc\u00ea pode us\u00e1-lo tranquilamente, sem medo de danificar seu aparelho ou at\u00e9 mesmo colocar sua seguran\u00e7a em risco.<\/div>\n<div><\/div>\n<div><\/div>\n","protected":false},"excerpt":{"rendered":"<div>O <strong>carregador da Kaidi<\/strong> foi especialmente projetado para proporcionar um carregamento r\u00e1pido, seguro e eficiente para todos os tipos de dispositivos m\u00f3veis, como smartphones, tablets, GPS, entre outros. Ele vem com uma entrada USB que se adapta a diversos tipos de cabos, o que significa que voc\u00ea pode conectar facilmente o seu aparelho, seja ele qual for.<\/div>\n<div><\/div>\n<div>Al\u00e9m disso, <strong>o carregador \u00e9 muito f\u00e1cil de usar e transportar.<\/strong> Ele \u00e9 pequeno, leve e foi pensado para ser usado em carros, mas voc\u00ea pode us\u00e1-lo em qualquer lugar que tenha uma entrada AC\/DC compat\u00edvel. Ou seja, voc\u00ea pode levar na sua bolsa, por exemplo, e usar em uma tomada comum em uma viagem ou em um parque.<\/div>\n<div><\/div>\n<div>E, por \u00faltimo mas n\u00e3o menos importante, o carregador da Kaidi \u00e9 muito seguro. Ele tem prote\u00e7\u00e3o contra sobrecarga, curto-circuito e superaquecimento, o que significa que voc\u00ea pode us\u00e1-lo tranquilamente, sem medo de danificar seu aparelho ou at\u00e9 mesmo colocar sua seguran\u00e7a em risco.<\/div>\n<div><\/div>\n<div><\/div>\n<div>Modelo: KD303C<\/div>\n<div>Cor: Branco<\/div>\n<div>Marca: Kaidi<\/div>\n<div>Nome do produto: <strong>Carregador Veicular Turbo 2xusb 3.4a\u00a0<\/strong><\/div>\n","protected":false},"featured_media":6625,"comment_status":"open","ping_status":"closed","template":"","meta":[],"product_cat":[137],"product_tag":[],"_links":{"self":[{"href":"https:\/\/novosmart.com.br\/loja\/wp-json\/wp\/v2\/product\/6624"}],"collection":[{"href":"https:\/\/novosmart.com.br\/loja\/wp-json\/wp\/v2\/product"}],"about":[{"href":"https:\/\/novosmart.com.br\/loja\/wp-json\/wp\/v2\/types\/product"}],"replies":[{"embeddable":true,"href":"https:\/\/novosmart.com.br\/loja\/wp-json\/wp\/v2\/comments?post=6624"}],"wp:featuredmedia":[{"embeddable":true,"href":"https:\/\/novosmart.com.br\/loja\/wp-json\/wp\/v2\/media\/6625"}],"wp:attachment":[{"href":"https:\/\/novosmart.com.br\/loja\/wp-json\/wp\/v2\/media?parent=6624"}],"wp:term":[{"taxonomy":"product_cat","embeddable":true,"href":"https:\/\/novosmart.com.br\/loja\/wp-json\/wp\/v2\/product_cat?post=6624"},{"taxonomy":"product_tag","embeddable":true,"href":"https:\/\/novosmart.com.br\/loja\/wp-json\/wp\/v2\/product_tag?post=6624"}],"curies":[{"name":"wp","href":"https:\/\/api.w.org\/{rel}","templated":true}]}}