{"id":6627,"date":"2023-06-22T11:38:21","date_gmt":"2023-06-22T14:38:21","guid":{"rendered":"https:\/\/novosmart.com.br\/loja\/?post_type=product&#038;p=6627"},"modified":"2023-06-22T12:23:53","modified_gmt":"2023-06-22T15:23:53","slug":"carregador-veicular-2-usb-para-micro-kaidi","status":"publish","type":"product","link":"https:\/\/novosmart.com.br\/loja\/produto\/carregador-veicular-2-usb-para-micro-kaidi\/","title":{"rendered":"Carregador Veicular 2 USB para Micro Kaidi"},"content":{"rendered":"<div>O<strong> carregador veicular 2 USB para Micro<\/strong>. Com ele, voc\u00ea pode carregar at\u00e9 dois dispositivos USB ao mesmo tempo, onde e quando quiser!<\/div>\n<div><\/div>\n<div>Esse adaptador para carro \u00e9 perfeito para quem est\u00e1 sempre na correria do dia a dia e precisa manter seus dispositivos carregados. Com ele, voc\u00ea pode carregar seu celular, tablet, GPS e outros eletr\u00f4nicos enquanto dirige, durante uma viagem ou mesmo em um passeio ao ar livre.<\/div>\n<div><\/div>\n<div>Com duas entradas USB, voc\u00ea pode conectar at\u00e9 dois aparelhos ao mesmo tempo, garantindo um carregamento eficiente e r\u00e1pido. E, \u00e9 claro, sem deixar de lado a seguran\u00e7a: assim como todos os produtos da Kaidi, esse carregador veicular conta com prote\u00e7\u00e3o contra sobrecarga, curto-circuito e superaquecimento.<\/div>\n<div><\/div>\n<div>Al\u00e9m disso, ele \u00e9 compacto, port\u00e1til e muito f\u00e1cil de usar. Basta plugar no acendedor de cigarros do seu carro e pronto! Voc\u00ea n\u00e3o precisa se preocupar mais em ficar sem bateria quando mais precisa do seu dispositivo.<\/div>\n","protected":false},"excerpt":{"rendered":"<p>O carregador veicular 2 USB para Micro. Com ele, voc\u00ea pode carregar at\u00e9 dois dispositivos USB ao mesmo tempo, onde e quando quiser! Esse adaptador para carro \u00e9 perfeito para quem est\u00e1 sempre na correria do dia a dia e precisa manter seus dispositivos carregados. Com ele, voc\u00ea pode carregar seu celular, tablet, GPS e [&#8230;]\n","protected":false},"featured_media":6628,"comment_status":"open","ping_status":"closed","template":"","meta":[],"product_cat":[137],"product_tag":[],"_links":{"self":[{"href":"https:\/\/novosmart.com.br\/loja\/wp-json\/wp\/v2\/product\/6627"}],"collection":[{"href":"https:\/\/novosmart.com.br\/loja\/wp-json\/wp\/v2\/product"}],"about":[{"href":"https:\/\/novosmart.com.br\/loja\/wp-json\/wp\/v2\/types\/product"}],"replies":[{"embeddable":true,"href":"https:\/\/novosmart.com.br\/loja\/wp-json\/wp\/v2\/comments?post=6627"}],"wp:featuredmedia":[{"embeddable":true,"href":"https:\/\/novosmart.com.br\/loja\/wp-json\/wp\/v2\/media\/6628"}],"wp:attachment":[{"href":"https:\/\/novosmart.com.br\/loja\/wp-json\/wp\/v2\/media?parent=6627"}],"wp:term":[{"taxonomy":"product_cat","embeddable":true,"href":"https:\/\/novosmart.com.br\/loja\/wp-json\/wp\/v2\/product_cat?post=6627"},{"taxonomy":"product_tag","embeddable":true,"href":"https:\/\/novosmart.com.br\/loja\/wp-json\/wp\/v2\/product_tag?post=6627"}],"curies":[{"name":"wp","href":"https:\/\/api.w.org\/{rel}","templated":true}]}}