{"id":6629,"date":"2023-06-22T11:43:24","date_gmt":"2023-06-22T14:43:24","guid":{"rendered":"https:\/\/novosmart.com.br\/loja\/?post_type=product&#038;p=6629"},"modified":"2023-06-22T12:23:43","modified_gmt":"2023-06-22T15:23:43","slug":"carregador-veicular-para-iphone-lightning-da-kaidi","status":"publish","type":"product","link":"https:\/\/novosmart.com.br\/loja\/produto\/carregador-veicular-para-iphone-lightning-da-kaidi\/","title":{"rendered":"Carregador veicular para iPhone lightning da Kaidi"},"content":{"rendered":"<div>O carregador veicular para iPhone lightning da Kaidi! Com ele, voc\u00ea pode carregar o seu celular em qualquer lugar, enquanto estiver dirigindo ou em uma viagem.<\/div>\n<div><\/div>\n<div>Esse adaptador para carro foi especialmente projetado para clientes exigentes que procuram qualidade e praticidade. Ele possui um cabo com conector lightning, que \u00e9 exclusivo para dispositivos da Apple. Dessa forma, voc\u00ea n\u00e3o precisa se preocupar em levar o cabo original do seu iPhone com voc\u00ea, basta conectar o carregador veicular e pronto!<\/div>\n<div><\/div>\n<div>O carregador veicular para iPhone lightning da Kaidi \u00e9 extremamente eficiente e seguro. Ele n\u00e3o s\u00f3 permite que voc\u00ea carregue o seu telefone rapidamente, como tamb\u00e9m protege contra sobrecarga, curto-circuito e superaquecimento. Al\u00e9m disso, ele \u00e9 compacto e f\u00e1cil de usar, basta plugar no acendedor de cigarros do seu carro e pronto, voc\u00ea pode carregar o seu celular enquanto dirige!<\/div>\n<div><\/div>\n<div>Com o carregador veicular para iPhone lightning da Kaidi, voc\u00ea nunca mais vai precisar se preocupar com a bateria do seu iPhone. Seja em uma viagem de neg\u00f3cios ou em um passeio com a fam\u00edlia, voc\u00ea sempre vai ter um dispositivo carregado e pronto para usar.<\/div>\n<div><\/div>\n<div>Ent\u00e3o, se voc\u00ea procura um carregador veicular para o seu iPhone que seja eficiente, seguro e pr\u00e1tico, o carregador veicular para iPhone lightning da Kaidi \u00e9 a escolha perfeita para voc\u00ea! Compre hoje mesmo e tenha a tranquilidade de nunca mais ficar sem bateria no seu iPhone.<\/div>\n","protected":false},"excerpt":{"rendered":"<p>O carregador veicular para iPhone lightning da Kaidi! Com ele, voc\u00ea pode carregar o seu celular em qualquer lugar, enquanto estiver dirigindo ou em uma viagem. Esse adaptador para carro foi especialmente projetado para clientes exigentes que procuram qualidade e praticidade. Ele possui um cabo com conector lightning, que \u00e9 exclusivo para dispositivos da Apple. [&#8230;]\n","protected":false},"featured_media":6630,"comment_status":"open","ping_status":"closed","template":"","meta":[],"product_cat":[137],"product_tag":[],"_links":{"self":[{"href":"https:\/\/novosmart.com.br\/loja\/wp-json\/wp\/v2\/product\/6629"}],"collection":[{"href":"https:\/\/novosmart.com.br\/loja\/wp-json\/wp\/v2\/product"}],"about":[{"href":"https:\/\/novosmart.com.br\/loja\/wp-json\/wp\/v2\/types\/product"}],"replies":[{"embeddable":true,"href":"https:\/\/novosmart.com.br\/loja\/wp-json\/wp\/v2\/comments?post=6629"}],"wp:featuredmedia":[{"embeddable":true,"href":"https:\/\/novosmart.com.br\/loja\/wp-json\/wp\/v2\/media\/6630"}],"wp:attachment":[{"href":"https:\/\/novosmart.com.br\/loja\/wp-json\/wp\/v2\/media?parent=6629"}],"wp:term":[{"taxonomy":"product_cat","embeddable":true,"href":"https:\/\/novosmart.com.br\/loja\/wp-json\/wp\/v2\/product_cat?post=6629"},{"taxonomy":"product_tag","embeddable":true,"href":"https:\/\/novosmart.com.br\/loja\/wp-json\/wp\/v2\/product_tag?post=6629"}],"curies":[{"name":"wp","href":"https:\/\/api.w.org\/{rel}","templated":true}]}}