{"id":6644,"date":"2023-06-22T12:01:02","date_gmt":"2023-06-22T15:01:02","guid":{"rendered":"https:\/\/novosmart.com.br\/loja\/?post_type=product&#038;p=6644"},"modified":"2023-06-22T12:22:29","modified_gmt":"2023-06-22T15:22:29","slug":"cabo-tipo-c-kaidi-1-metro-1","status":"publish","type":"product","link":"https:\/\/novosmart.com.br\/loja\/produto\/cabo-tipo-c-kaidi-1-metro-1\/","title":{"rendered":"Cabo Tipo C Kaidi 1 metro 1"},"content":{"rendered":"<p>Cabo de carga com <strong>carregamento r\u00e1pido com entrada USB e sa\u00edda Tipo-C<\/strong> <strong>1000MM<\/strong> Design especial com capa protetora resistente a dobramentos al\u00e9m de evitar enrolamento e n\u00f3s. Conector com design apropriado para carregamento do seu dispositivo sem se preocupar com o estilo da capinha.<\/p>\n<p>Utiliza conector USB com refor\u00e7o interno de alta qualidade, resistente a pux\u00f5es e trancos, aumentando seu tempo de vida.<\/p>\n","protected":false},"excerpt":{"rendered":"<p>Cabo de carga com carregamento r\u00e1pido com entrada USB e sa\u00edda Tipo-C 1000MM Design especial com capa protetora resistente a dobramentos al\u00e9m de evitar enrolamento e n\u00f3s. Conector com design apropriado para carregamento do seu dispositivo sem se preocupar com o estilo da capinha. Utiliza conector USB com refor\u00e7o interno de alta qualidade, resistente a [&#8230;]\n","protected":false},"featured_media":6647,"comment_status":"open","ping_status":"closed","template":"","meta":[],"product_cat":[53],"product_tag":[],"_links":{"self":[{"href":"https:\/\/novosmart.com.br\/loja\/wp-json\/wp\/v2\/product\/6644"}],"collection":[{"href":"https:\/\/novosmart.com.br\/loja\/wp-json\/wp\/v2\/product"}],"about":[{"href":"https:\/\/novosmart.com.br\/loja\/wp-json\/wp\/v2\/types\/product"}],"replies":[{"embeddable":true,"href":"https:\/\/novosmart.com.br\/loja\/wp-json\/wp\/v2\/comments?post=6644"}],"wp:featuredmedia":[{"embeddable":true,"href":"https:\/\/novosmart.com.br\/loja\/wp-json\/wp\/v2\/media\/6647"}],"wp:attachment":[{"href":"https:\/\/novosmart.com.br\/loja\/wp-json\/wp\/v2\/media?parent=6644"}],"wp:term":[{"taxonomy":"product_cat","embeddable":true,"href":"https:\/\/novosmart.com.br\/loja\/wp-json\/wp\/v2\/product_cat?post=6644"},{"taxonomy":"product_tag","embeddable":true,"href":"https:\/\/novosmart.com.br\/loja\/wp-json\/wp\/v2\/product_tag?post=6644"}],"curies":[{"name":"wp","href":"https:\/\/api.w.org\/{rel}","templated":true}]}}