{"id":6648,"date":"2023-06-22T12:05:14","date_gmt":"2023-06-22T15:05:14","guid":{"rendered":"https:\/\/novosmart.com.br\/loja\/?post_type=product&#038;p=6648"},"modified":"2023-06-22T12:22:00","modified_gmt":"2023-06-22T15:22:00","slug":"cabo-para-iphone-6s-ate-14-pro-max","status":"publish","type":"product","link":"https:\/\/novosmart.com.br\/loja\/produto\/cabo-para-iphone-6s-ate-14-pro-max\/","title":{"rendered":"Cabo para iphone 6s at\u00e9 14 Pro Max"},"content":{"rendered":"<p><strong>Cabo para IPhone<\/strong> Foxconn Apple<strong> serve do iPhone 6 at\u00e9 iPhone 14 pro Max<\/strong><\/p>\n<div>O cabo carregador original FOXCONN para iPhone \u00e9 uma excelente op\u00e7\u00e3o para quem busca efici\u00eancia e qualidade no carregamento do seu aparelho. Com ele, voc\u00ea pode conectar seu iPhone, iPad ou iPod com conector Lightning \u00e0 porta USB do seu computador ou \u00e0 Fonte original do iPhone.<\/div>\n<div><\/div>\n<div>Com um comprimento de 1 metro, esse cabo USB 2.0 permite que voc\u00ea sincronize o dispositivo e carregue a bateria simultaneamente. Al\u00e9m disso, ele \u00e9 compat\u00edvel com todos dispositivos Apple mais recentes, desde o iPhone 6s at\u00e9 o iPhone 14 Pro Max.<\/div>\n<div><\/div>\n<div>Esse cabo tamb\u00e9m pode ser conectado a um carregador Apple USB, ou a fonte do carregador para plugar na tomada, garantindo mais praticidade no carregamento do seu aparelho. Ele \u00e9 extremamente seguro e confi\u00e1vel, protegendo o seu dispositivo contra sobrecarga e curto-circuito.<\/div>\n<div><\/div>\n<div>Com design moderno e elegante, o cabo carregador original FOXCONN para iPhone \u00e9 uma op\u00e7\u00e3o de alta qualidade para quem valoriza praticidade e efici\u00eancia. Ele \u00e9 extremamente dur\u00e1vel e resistente, garantindo uma vida \u00fatil longa e confi\u00e1vel.<\/div>\n<div><\/div>\n","protected":false},"excerpt":{"rendered":"<p>Cabo para IPhone Foxconn Apple serve do iPhone 6 at\u00e9 iPhone 14 pro Max O cabo carregador original FOXCONN para iPhone \u00e9 uma excelente op\u00e7\u00e3o para quem busca efici\u00eancia e qualidade no carregamento do seu aparelho. Com ele, voc\u00ea pode conectar seu iPhone, iPad ou iPod com conector Lightning \u00e0 porta USB do seu computador [&#8230;]\n","protected":false},"featured_media":6649,"comment_status":"open","ping_status":"closed","template":"","meta":[],"product_cat":[127,119,137,68],"product_tag":[],"_links":{"self":[{"href":"https:\/\/novosmart.com.br\/loja\/wp-json\/wp\/v2\/product\/6648"}],"collection":[{"href":"https:\/\/novosmart.com.br\/loja\/wp-json\/wp\/v2\/product"}],"about":[{"href":"https:\/\/novosmart.com.br\/loja\/wp-json\/wp\/v2\/types\/product"}],"replies":[{"embeddable":true,"href":"https:\/\/novosmart.com.br\/loja\/wp-json\/wp\/v2\/comments?post=6648"}],"wp:featuredmedia":[{"embeddable":true,"href":"https:\/\/novosmart.com.br\/loja\/wp-json\/wp\/v2\/media\/6649"}],"wp:attachment":[{"href":"https:\/\/novosmart.com.br\/loja\/wp-json\/wp\/v2\/media?parent=6648"}],"wp:term":[{"taxonomy":"product_cat","embeddable":true,"href":"https:\/\/novosmart.com.br\/loja\/wp-json\/wp\/v2\/product_cat?post=6648"},{"taxonomy":"product_tag","embeddable":true,"href":"https:\/\/novosmart.com.br\/loja\/wp-json\/wp\/v2\/product_tag?post=6648"}],"curies":[{"name":"wp","href":"https:\/\/api.w.org\/{rel}","templated":true}]}}